{"id":6400,"date":"2020-11-16T16:41:55","date_gmt":"2020-11-16T16:41:55","guid":{"rendered":"https:\/\/www.futuragp.com\/travel-trailer-installation\/"},"modified":"2022-07-12T19:57:54","modified_gmt":"2022-07-12T19:57:54","slug":"installation-futura-gp-sur-roulotte","status":"publish","type":"page","link":"https:\/\/www.futuragp.com\/fr\/installation\/installation-futura-gp-sur-roulotte\/","title":{"rendered":"Installation sur roulotte"},"content":{"rendered":"<div class=\"wpb-content-wrapper\"><p>[vc_row][vc_column][vc_custom_heading text=\u00a0\u00bbInstallation sur roulotte\u00a0\u00bb use_theme_fonts=\u00a0\u00bbyes\u00a0\u00bb][vc_column_text]Voici les \u00e9tapes d\u2019installation de notre ensemble pour roulotte.[\/vc_column_text][vc_column_text]<strong>PI\u00c8CES N\u00c9CESSAIRES \u00c0 L&rsquo;INSTALLATION DU PORTE-V\u00c9LOS POUR ROULOTTE<\/strong><\/p>\n<p>Toutes ces pi\u00e8ces sont incluses avec l&rsquo;achat de l&rsquo;ensemble pour .<\/p>\n<ul>\n<li>Adaptateur pour auto<\/li>\n<li>Pied d&rsquo;ancrage avec plaquettes (2)<\/li>\n<li>Pattes (gauche et droite)<\/li>\n<li>Barre centrale<\/li>\n<li>Cl\u00e9 Allen<\/li>\n<li>Cadenas<\/li>\n<li>Vis 3\/8 couleur or (4)<\/li>\n<li>\u00c9crous \u00e9lastiques 3\/8 (4)<\/li>\n<li>Vis Allen 3\/8 (8) (d\u00e9ja plac\u00e9s dans les trous)<\/li>\n<\/ul>\n<p>[\/vc_column_text][\/vc_column][\/vc_row][vc_row][vc_column][vc_custom_heading text=\u00a0\u00bb\u00c9tape 1&Prime; use_theme_fonts=\u00a0\u00bbyes\u00a0\u00bb][\/vc_column][\/vc_row][vc_row][vc_column width=\u00a0\u00bb1\/4&Prime;][vc_single_image image=\u00a0\u00bb3389&Prime; img_size=\u00a0\u00bbmedium\u00a0\u00bb alignment=\u00a0\u00bbcenter\u00a0\u00bb onclick=\u00a0\u00bblink_image\u00a0\u00bb][\/vc_column][vc_column width=\u00a0\u00bb1\/4&Prime;][vc_single_image image=\u00a0\u00bb3390&Prime; img_size=\u00a0\u00bbmedium\u00a0\u00bb alignment=\u00a0\u00bbcenter\u00a0\u00bb onclick=\u00a0\u00bblink_image\u00a0\u00bb][\/vc_column][vc_column width=\u00a0\u00bb1\/4&Prime;][\/vc_column][vc_column width=\u00a0\u00bb1\/4&Prime;][\/vc_column][\/vc_row][vc_row][vc_column][vc_column_text]<\/p>\n<ul>\n<li>Prenez le pied d\u2019ancrage et placez-le au dessus du timon;<\/li>\n<li>Ins\u00e9rez un boulon de chaque c\u00f4t\u00e9;<\/li>\n<li>Placez la plaque d\u2019ancrage au dessous du timon;<\/li>\n<li>Vissez les \u00e9crous en laissant un peu d\u2019espace entre le timon et l\u2019ecrou<\/li>\n<\/ul>\n<p>[\/vc_column_text][\/vc_column][\/vc_row][vc_row][vc_column][vc_custom_heading text=\u00a0\u00bb\u00c9tape 2&Prime; use_theme_fonts=\u00a0\u00bbyes\u00a0\u00bb][\/vc_column][\/vc_row][vc_row][vc_column width=\u00a0\u00bb1\/4&Prime;][vc_single_image image=\u00a0\u00bb3394&Prime; img_size=\u00a0\u00bbmedium\u00a0\u00bb alignment=\u00a0\u00bbcenter\u00a0\u00bb onclick=\u00a0\u00bblink_image\u00a0\u00bb][\/vc_column][vc_column width=\u00a0\u00bb1\/4&Prime;][\/vc_column][vc_column width=\u00a0\u00bb1\/4&Prime;][\/vc_column][vc_column width=\u00a0\u00bb1\/4&Prime;][\/vc_column][\/vc_row][vc_row][vc_column][vc_column_text]<\/p>\n<ul>\n<li class=\"col-inner\">Entrez la patte gauche et droite dans le barreau central afin d\u2019\u00eatre pr\u00eat \u00e0 ins\u00e9rer dans les pieds d\u2019ancrage (les vis Allen doivent se trouver face \u00e0 votre roulotte);<\/li>\n<li>Ins\u00e9rez le support dans les pieds d\u2019ancrage (tube rond de 8\u2033 de haut);<\/li>\n<li>Centrez la barre centrale au milieu du support \u00e0 roulotte.<\/li>\n<\/ul>\n<p>[\/vc_column_text][\/vc_column][\/vc_row][vc_row][vc_column][vc_custom_heading text=\u00a0\u00bb\u00c9tape 3&Prime; use_theme_fonts=\u00a0\u00bbyes\u00a0\u00bb][\/vc_column][\/vc_row][vc_row][vc_column width=\u00a0\u00bb1\/4&Prime;][vc_single_image image=\u00a0\u00bb3391&Prime; img_size=\u00a0\u00bbmedium\u00a0\u00bb alignment=\u00a0\u00bbcenter\u00a0\u00bb onclick=\u00a0\u00bblink_image\u00a0\u00bb][\/vc_column][vc_column width=\u00a0\u00bb1\/4&Prime;][vc_single_image image=\u00a0\u00bb3392&Prime; img_size=\u00a0\u00bbmedium\u00a0\u00bb alignment=\u00a0\u00bbcenter\u00a0\u00bb onclick=\u00a0\u00bblink_image\u00a0\u00bb][\/vc_column][vc_column width=\u00a0\u00bb1\/4&Prime;][\/vc_column][vc_column width=\u00a0\u00bb1\/4&Prime;][\/vc_column][\/vc_row][vc_row][vc_column][vc_column_text]<\/p>\n<ul>\n<li>Serrer le plus fort possible les vis Allen avec votre cl\u00e9 sur les pieds d\u2019ancrage et les pattes pour que l\u2019ensemble tienne solidement ensemble<\/li>\n<\/ul>\n<p>[\/vc_column_text][\/vc_column][\/vc_row][vc_row][vc_column][vc_custom_heading text=\u00a0\u00bb\u00c9tape 4&Prime; use_theme_fonts=\u00a0\u00bbyes\u00a0\u00bb][\/vc_column][\/vc_row][vc_row][vc_column width=\u00a0\u00bb1\/4&Prime;][vc_single_image image=\u00a0\u00bb3394&Prime; img_size=\u00a0\u00bbmedium\u00a0\u00bb alignment=\u00a0\u00bbcenter\u00a0\u00bb onclick=\u00a0\u00bblink_image\u00a0\u00bb][\/vc_column][vc_column width=\u00a0\u00bb1\/4&Prime;][\/vc_column][vc_column width=\u00a0\u00bb1\/4&Prime;][\/vc_column][vc_column width=\u00a0\u00bb1\/4&Prime;][\/vc_column][\/vc_row][vc_row][vc_column][vc_column_text]<\/p>\n<ul>\n<li>Serrez les boulons afin de s\u2019assurer de que le tout soit bien serr\u00e9;<\/li>\n<li>R\u00e9p\u00e9tez les m\u00eames \u00e9tapes pour le second pied d\u2019ancrage.<\/li>\n<\/ul>\n<p>[\/vc_column_text][\/vc_column][\/vc_row][vc_row][vc_column][vc_custom_heading text=\u00a0\u00bb\u00c9tape 5&Prime; use_theme_fonts=\u00a0\u00bbyes\u00a0\u00bb][\/vc_column][\/vc_row][vc_row css=\u00a0\u00bb.vc_custom_1634842310825{padding-right: 20px !important;}\u00a0\u00bb][vc_column width=\u00a0\u00bb1\/4&Prime;][vc_single_image image=\u00a0\u00bb3393&Prime; img_size=\u00a0\u00bbmedium\u00a0\u00bb alignment=\u00a0\u00bbcenter\u00a0\u00bb onclick=\u00a0\u00bblink_image\u00a0\u00bb][\/vc_column][vc_column width=\u00a0\u00bb1\/4&Prime;][vc_single_image image=\u00a0\u00bb3396&Prime; img_size=\u00a0\u00bbmedium\u00a0\u00bb alignment=\u00a0\u00bbcenter\u00a0\u00bb onclick=\u00a0\u00bblink_image\u00a0\u00bb][\/vc_column][vc_column width=\u00a0\u00bb1\/4&Prime;][vc_single_image image=\u00a0\u00bb3395&Prime; img_size=\u00a0\u00bbmedium\u00a0\u00bb alignment=\u00a0\u00bbcenter\u00a0\u00bb onclick=\u00a0\u00bblink_image\u00a0\u00bb][\/vc_column][vc_column width=\u00a0\u00bb1\/4&Prime;][\/vc_column][\/vc_row][vc_row][vc_column][vc_column_text]<\/p>\n<ul>\n<li>Ins\u00e9rer le support \u00e0 v\u00e9lo dans l\u2019adaptateur sur la barre centrale;<\/li>\n<li>Poussez le support \u00e0 v\u00e9lo le plus loin possible et y ins\u00e9rer votre cadenas (si le cadenas frotte, vous pouvez \u00e9loigner le support \u00e0 v\u00e9lo de la roulotte afin d\u2019y ins\u00e9rer le cadenas dans le trou de la barre centrale);<\/li>\n<li>Serrez les vis Allen aussi fermement que possible.<\/li>\n<\/ul>\n<p>Pour toute explication sur les support \u00e0 v\u00e9lo, r\u00e9f\u00e9rez-vous \u00e0 la section \u00ab Installation sur automobile \u00bb.[\/vc_column_text][\/vc_column][\/vc_row][vc_row][vc_column][vc_custom_heading text=\u00a0\u00bbVous \u00eates maintenant pr\u00eat \u00e0 partir ! L&rsquo;installation se fait en 15 minutes environ.\u00a0\u00bb font_container=\u00a0\u00bbtag:h3|text_align:left\u00a0\u00bb use_theme_fonts=\u00a0\u00bbyes\u00a0\u00bb][vc_single_image image=\u00a0\u00bb3397&Prime; img_size=\u00a0\u00bbfull\u00a0\u00bb][vc_custom_heading text=\u00a0\u00bbVous \u00eates maintenant pr\u00eat \u00e0 explorer le monde !\u00a0\u00bb font_container=\u00a0\u00bbtag:h3|text_align:left\u00a0\u00bb use_theme_fonts=\u00a0\u00bbyes\u00a0\u00bb][\/vc_column][\/vc_row]<\/p>\n<\/div>","protected":false},"excerpt":{"rendered":"<p>[vc_row][vc_column][vc_custom_heading text=\u00a0\u00bbInstallation sur roulotte\u00a0\u00bb use_theme_fonts=\u00a0\u00bbyes\u00a0\u00bb][vc_column_text]Voici les \u00e9tapes d\u2019installation de notre ensemble pour roulotte.[\/vc_column_text][vc_column_text]PI\u00c8CES N\u00c9CESSAIRES \u00c0 L&rsquo;INSTALLATION DU PORTE-V\u00c9LOS POUR ROULOTTE Toutes ces pi\u00e8ces sont incluses avec l&rsquo;achat de l&rsquo;ensemble pour . Adaptateur pour auto Pied d&rsquo;ancrage avec plaquettes (2) Pattes (gauche et droite) Barre centrale Cl\u00e9 Allen Cadenas Vis 3\/8 couleur or (4) \u00c9crous \u00e9lastiques [&hellip;]<\/p>\n","protected":false},"author":1,"featured_media":0,"parent":6558,"menu_order":0,"comment_status":"closed","ping_status":"closed","template":"","meta":{"_acf_changed":false,"content-type":"","footnotes":""},"class_list":["post-6400","page","type-page","status-publish","hentry"],"acf":[],"aioseo_notices":[],"_links":{"self":[{"href":"https:\/\/www.futuragp.com\/fr\/wp-json\/wp\/v2\/pages\/6400","targetHints":{"allow":["GET"]}}],"collection":[{"href":"https:\/\/www.futuragp.com\/fr\/wp-json\/wp\/v2\/pages"}],"about":[{"href":"https:\/\/www.futuragp.com\/fr\/wp-json\/wp\/v2\/types\/page"}],"author":[{"embeddable":true,"href":"https:\/\/www.futuragp.com\/fr\/wp-json\/wp\/v2\/users\/1"}],"replies":[{"embeddable":true,"href":"https:\/\/www.futuragp.com\/fr\/wp-json\/wp\/v2\/comments?post=6400"}],"version-history":[{"count":0,"href":"https:\/\/www.futuragp.com\/fr\/wp-json\/wp\/v2\/pages\/6400\/revisions"}],"up":[{"embeddable":true,"href":"https:\/\/www.futuragp.com\/fr\/wp-json\/wp\/v2\/pages\/6558"}],"wp:attachment":[{"href":"https:\/\/www.futuragp.com\/fr\/wp-json\/wp\/v2\/media?parent=6400"}],"curies":[{"name":"wp","href":"https:\/\/api.w.org\/{rel}","templated":true}]}}