{"id":6568,"date":"2016-06-13T15:48:45","date_gmt":"2016-06-13T15:48:45","guid":{"rendered":"https:\/\/www.futuragp.com\/infos\/about-us\/"},"modified":"2024-12-14T18:10:16","modified_gmt":"2024-12-14T18:10:16","slug":"a-propos-des-supports-a-velos-futura-gp","status":"publish","type":"page","link":"https:\/\/www.futuragp.com\/fr\/infos\/a-propos-des-supports-a-velos-futura-gp\/","title":{"rendered":"\u00c0 propos de nous"},"content":{"rendered":"<div class=\"wpb-content-wrapper\"><p>[vc_row][vc_column]<div class=\"porto-u-heading  wpb_custom_95aa9a11c17ad45cfabaf210d84ee7cc porto-u-ad87e2eaf3f9c495180fe0156ddf3eb0 \"><div class=\"porto-u-sub-heading\" style=\"\"><img decoding=\"async\" class=\"size-full wp-image-3671 aligncenter\" src=\"https:\/\/www.futuragp.com\/wp-content\/uploads\/2021\/04\/triangle-futura-noir.png\" alt=\"\" width=\"57\" \/><\/p>\n<h2 style=\"text-align: center;\">Histoire <span class=\"soustitre\">depuis le d\u00e9but<\/span><\/h2>\n<p><\/div><style>.porto-u-ad87e2eaf3f9c495180fe0156ddf3eb0.porto-u-heading{text-align:left}<\/style><\/div>[\/vc_column][\/vc_row][vc_row wrap_container=\u00a0\u00bbyes\u00a0\u00bb][vc_column][vc_column_text]La premi\u00e8re id\u00e9e de ce type de support \u00e0 v\u00e9los a \u00e9t\u00e9 invent\u00e9e en 1994 par un homme du nom de Gaston Poulin. Apr\u00e8s de nombreux dessins, il r\u00e9ussit enfin \u00e0 cr\u00e9er un mod\u00e8le.<\/p>\n<p>Le premier mod\u00e8le de support \u00e0 v\u00e9los a \u00e9t\u00e9 vendu de 1995 \u00e0 2009 et s&rsquo;appelait le GP Futura 2002. Il \u00e9tait enti\u00e8rement en m\u00e9tal et pesait 35 livres (13,6 kg). C&rsquo;\u00e9tait un mod\u00e8le fixe et donc non r\u00e9tractable.<\/p>\n<p>Plus tard, il a eu l&rsquo;id\u00e9e de fabriquer des supports \u00e0 v\u00e9los en plastique pour r\u00e9duire le poids, mais il s&rsquo;est vite rendu compte que le plastique ne survivrait pas aux intemp\u00e9ries du Qu\u00e9bec. Il a donc opt\u00e9 pour l&rsquo;aluminium. Au fil des ann\u00e9es, le GP Futura 2002 a subi des modifications qui l&rsquo;ont am\u00e9lior\u00e9.<\/p>\n<p>Le deuxi\u00e8me mod\u00e8le, que nous connaissons aujourd&rsquo;hui, n&rsquo;est pas si diff\u00e9rent du premier que sa forme, mais il est plus bas en hauteur que le premier.<\/p>\n<p>En 2011, le petit-fils de Gaston Poulin acquiert l&rsquo;entreprise pour g\u00e9rer son expansion au Canada et aux \u00c9tats-Unis.[\/vc_column_text][vc_row_inner][vc_column_inner width=\u00a0\u00bb1\/3&Prime;][vc_single_image image=\u00a0\u00bb6576&Prime; img_size=\u00a0\u00bblarge\u00a0\u00bb][\/vc_column_inner][vc_column_inner width=\u00a0\u00bb1\/3&Prime;][vc_single_image image=\u00a0\u00bb6577&Prime; img_size=\u00a0\u00bblarge\u00a0\u00bb][\/vc_column_inner][vc_column_inner width=\u00a0\u00bb1\/3&Prime;][vc_single_image image=\u00a0\u00bb6575&Prime; img_size=\u00a0\u00bblarge\u00a0\u00bb][\/vc_column_inner][\/vc_row_inner][\/vc_column][\/vc_row]<\/p>\n<\/div>","protected":false},"excerpt":{"rendered":"<p>[vc_row][vc_column][\/vc_column][\/vc_row][vc_row wrap_container=\u00a0\u00bbyes\u00a0\u00bb][vc_column][vc_column_text]La premi\u00e8re id\u00e9e de ce type de support \u00e0 v\u00e9los a \u00e9t\u00e9 invent\u00e9e en 1994 par un homme du nom de Gaston Poulin. Apr\u00e8s de nombreux dessins, il r\u00e9ussit enfin \u00e0 cr\u00e9er un mod\u00e8le. Le premier mod\u00e8le de support \u00e0 v\u00e9los a \u00e9t\u00e9 vendu de 1995 \u00e0 2009 et s&rsquo;appelait le GP Futura 2002. [&hellip;]<\/p>\n","protected":false},"author":1,"featured_media":0,"parent":6566,"menu_order":0,"comment_status":"closed","ping_status":"closed","template":"page-custom.php","meta":{"_acf_changed":false,"content-type":"","footnotes":""},"class_list":["post-6568","page","type-page","status-publish","hentry"],"acf":[],"aioseo_notices":[],"_links":{"self":[{"href":"https:\/\/www.futuragp.com\/fr\/wp-json\/wp\/v2\/pages\/6568","targetHints":{"allow":["GET"]}}],"collection":[{"href":"https:\/\/www.futuragp.com\/fr\/wp-json\/wp\/v2\/pages"}],"about":[{"href":"https:\/\/www.futuragp.com\/fr\/wp-json\/wp\/v2\/types\/page"}],"author":[{"embeddable":true,"href":"https:\/\/www.futuragp.com\/fr\/wp-json\/wp\/v2\/users\/1"}],"replies":[{"embeddable":true,"href":"https:\/\/www.futuragp.com\/fr\/wp-json\/wp\/v2\/comments?post=6568"}],"version-history":[{"count":1,"href":"https:\/\/www.futuragp.com\/fr\/wp-json\/wp\/v2\/pages\/6568\/revisions"}],"predecessor-version":[{"id":93207,"href":"https:\/\/www.futuragp.com\/fr\/wp-json\/wp\/v2\/pages\/6568\/revisions\/93207"}],"up":[{"embeddable":true,"href":"https:\/\/www.futuragp.com\/fr\/wp-json\/wp\/v2\/pages\/6566"}],"wp:attachment":[{"href":"https:\/\/www.futuragp.com\/fr\/wp-json\/wp\/v2\/media?parent=6568"}],"curies":[{"name":"wp","href":"https:\/\/api.w.org\/{rel}","templated":true}]}}