{"id":6615,"date":"2020-11-16T16:40:49","date_gmt":"2020-11-16T16:40:49","guid":{"rendered":"https:\/\/www.futuragp.com\/infos\/return-and-refund-policy\/"},"modified":"2024-12-14T18:17:16","modified_gmt":"2024-12-14T18:17:16","slug":"politique-de-retour-et-de-remboursement","status":"publish","type":"page","link":"https:\/\/www.futuragp.com\/fr\/infos\/politique-de-retour-et-de-remboursement\/","title":{"rendered":"Politique de retour et de remboursement"},"content":{"rendered":"<div class=\"wpb-content-wrapper\"><p>[vc_row][vc_column][vc_custom_heading text=\u00a0\u00bbPolitique de retour et de remboursement\u00a0\u00bb font_container=\u00a0\u00bbtag:h1|text_align:left\u00a0\u00bb use_theme_fonts=\u00a0\u00bbyes\u00a0\u00bb][vc_column_text]Nous voulons que vous aimiez votre porte-v\u00e9los ! \u00c0 chaque achat, nous offrons une <strong>garantie de satisfaction de 60 jours<\/strong>. Vas-y. Essaie. Nous sommes persuad\u00e9s que vous serez ravis !<\/p>\n<p>&nbsp;<\/p>\n\n<table id=\"tablepress-5\" class=\"tablepress tablepress-id-5\">\n<tbody>\n<tr class=\"row-1\">\n\t<td class=\"column-1\">Frais de retour<\/td><td class=\"column-2\">Les frais de retour sont \u00e0 la charge de l'acheteur. Cependant, une \u00e9tiquette de retour peut \u00eatre \u00e9mise pour le client, mais les frais de cette \u00e9tiquette seront d\u00e9duits du montant \u00e0 rembourser.<\/td>\n<\/tr>\n<tr class=\"row-2\">\n\t<td class=\"column-1\">Frais de restockage<\/td><td class=\"column-2\">15% du prix d'achat de l'article<\/td>\n<\/tr>\n<tr class=\"row-3\">\n\t<td class=\"column-1\">Emballage de retour<\/td><td class=\"column-2\">Doit \u00eatre retourn\u00e9 dans <strong>l'emballage d'origine<\/strong><\/td>\n<\/tr>\n<tr class=\"row-4\">\n\t<td class=\"column-1\">P\u00e9riode valide de retour<\/td><td class=\"column-2\">Jusqu'\u00e0 60 jours \u00e0 compter de la date de r\u00e9ception de votre produit, sur la base de nos dossiers de suivi.<\/td>\n<\/tr>\n<tr class=\"row-5\">\n\t<td class=\"column-1\">Frais de dommages\u00b9<\/td><td class=\"column-2\">Peut s'appliquer si produit endommag\u00e9 ou pi\u00e8ces manquantes lorsque nous les recevons. Nous acceptons les dommages des installations si le produit ne s'adapte pas \u00e0 votre remorque.<br \/>\n<br \/>\n<span class=\"asterix\">\u00b9 Les dommages sont \u00e9valu\u00e9s en fonction de l'\u00e9tat du produit et des pi\u00e8ces retourn\u00e9es au moment o\u00f9 nous les avons re\u00e7us.<\/span><\/td>\n<\/tr>\n<tr class=\"row-6\">\n\t<td class=\"column-1\">\u00c9tat du produit \u00e9ligible pour le retour<br \/>\n<\/td><td class=\"column-2\"><ul><br \/>\n<li>Doit \u00eatre en <strong>excellent \u00e9tat<\/strong><\/li><li>L'emballage d'origine n'est pas endommag\u00e9<\/li><li>Aucune pi\u00e8ce manquante (y compris les pi\u00e8ces de rechange que vous avez re\u00e7ues)<\/li ><li>Compl\u00e8tement d\u00e9mont\u00e9. <strong>Nous n'acceptons pas les produits partiellement assembl\u00e9s<\/strong><\/li><br \/>\n<\/ul><\/td>\n<\/tr>\n<tr class=\"row-7\">\n\t<td class=\"column-1\">Remboursement<\/td><td class=\"column-2\"><ul><br \/>\n<li>Initi\u00e9 dans les 5 jours ouvrables apr\u00e8s que le produit retourn\u00e9 passe notre inspection<\/li><li>Les remboursements se feront via le m\u00eame mode de paiement que celui utilis\u00e9 pour votre achat d'origine. Les remboursements devraient \u00eatre cr\u00e9dit\u00e9s sur votre compte en quelques jours, selon la pratique de votre banque<\/li><br \/>\n<\/ul><\/td>\n<\/tr>\n<\/tbody>\n<\/table>\n<!-- #tablepress-5 from cache -->\n<p>&nbsp;<\/p>\n<p>Vous \u00eates responsable de l&#8217;emballage et de l&rsquo;exp\u00e9dition appropri\u00e9s de vos produits de retour. Veuillez suivre nos instructions de retour. Nous ne sommes pas responsables des retours perdus, endommag\u00e9s ou rejet\u00e9s parce que vous n&rsquo;avez pas suivi les instructions de retour.<\/p>\n<p>&nbsp;<\/p>\n<p>Notez que vous \u00eates responsable de tout dommage ou perte du produit pendant le processus de retour. Nous vous encourageons \u00e0 souscrire une assurance exp\u00e9dition pour couvrir de tels dommages et pertes. Vous \u00eates responsable de toute d\u00e9claration de sinistre aupr\u00e8s des transporteurs.<\/p>\n<p>&nbsp;<\/p>\n<p>Toutes les d\u00e9cisions de remboursement et de retour par <strong>Equipements Futura GP inc.<\/strong> sont <strong><span style=\"text-decoration: underline;\">finales<\/span><\/strong>.[\/vc_column_text][vc_custom_heading text=\u00a0\u00bbInstructions de retour\u00a0\u00bb use_theme_fonts=\u00a0\u00bbyes\u00a0\u00bb][vc_column_text]<\/p>\n<h3>\u00c9tats-Unis<\/h3>\n<ol>\n<li>Remettre les pi\u00e8ces d\u00e9mont\u00e9es dans la boite d&rsquo;origine<\/li>\n<li>Imprimez 3 exemplaires de la facture et placez-la dans une pochette<\/li>\n<li>Imprimez 1 copie de la facture douani\u00e8re et placez-la dans la m\u00eame pochette<\/li>\n<li>Imprimez l&rsquo;\u00e9tiquette d&rsquo;exp\u00e9dition et collez-la sur la bo\u00eete<\/li>\n<\/ol>\n<h3>Canada<\/h3>\n<ol>\n<li>Remettre les pi\u00e8ces d\u00e9mont\u00e9es dans la boite d&rsquo;origine<\/li>\n<li>Imprimez l&rsquo;\u00e9tiquette d&rsquo;exp\u00e9dition et collez-la sur la bo\u00eete<\/li>\n<\/ol>\n<p>[\/vc_column_text][\/vc_column][\/vc_row]<\/p>\n<\/div>","protected":false},"excerpt":{"rendered":"<p>[vc_row][vc_column][vc_custom_heading text=\u00a0\u00bbPolitique de retour et de remboursement\u00a0\u00bb font_container=\u00a0\u00bbtag:h1|text_align:left\u00a0\u00bb use_theme_fonts=\u00a0\u00bbyes\u00a0\u00bb][vc_column_text]Nous voulons que vous aimiez votre porte-v\u00e9los ! \u00c0 chaque achat, nous offrons une garantie de satisfaction de 60 jours. Vas-y. Essaie. Nous sommes persuad\u00e9s que vous serez ravis ! &nbsp; &nbsp; Vous \u00eates responsable de l&#8217;emballage et de l&rsquo;exp\u00e9dition appropri\u00e9s de vos produits de retour. Veuillez [&hellip;]<\/p>\n","protected":false},"author":1,"featured_media":0,"parent":6566,"menu_order":0,"comment_status":"closed","ping_status":"closed","template":"","meta":{"_acf_changed":false,"content-type":"","footnotes":""},"class_list":["post-6615","page","type-page","status-publish","hentry"],"acf":[],"aioseo_notices":[],"_links":{"self":[{"href":"https:\/\/www.futuragp.com\/fr\/wp-json\/wp\/v2\/pages\/6615","targetHints":{"allow":["GET"]}}],"collection":[{"href":"https:\/\/www.futuragp.com\/fr\/wp-json\/wp\/v2\/pages"}],"about":[{"href":"https:\/\/www.futuragp.com\/fr\/wp-json\/wp\/v2\/types\/page"}],"author":[{"embeddable":true,"href":"https:\/\/www.futuragp.com\/fr\/wp-json\/wp\/v2\/users\/1"}],"replies":[{"embeddable":true,"href":"https:\/\/www.futuragp.com\/fr\/wp-json\/wp\/v2\/comments?post=6615"}],"version-history":[{"count":1,"href":"https:\/\/www.futuragp.com\/fr\/wp-json\/wp\/v2\/pages\/6615\/revisions"}],"predecessor-version":[{"id":93209,"href":"https:\/\/www.futuragp.com\/fr\/wp-json\/wp\/v2\/pages\/6615\/revisions\/93209"}],"up":[{"embeddable":true,"href":"https:\/\/www.futuragp.com\/fr\/wp-json\/wp\/v2\/pages\/6566"}],"wp:attachment":[{"href":"https:\/\/www.futuragp.com\/fr\/wp-json\/wp\/v2\/media?parent=6615"}],"curies":[{"name":"wp","href":"https:\/\/api.w.org\/{rel}","templated":true}]}}