{"id":6820,"date":"2021-11-19T16:25:30","date_gmt":"2021-11-19T16:25:30","guid":{"rendered":"https:\/\/www.futuragp.com\/product\/travel-trailer-ebikes-rack-attachment-to-avoid-drilling-the-a-frame\/"},"modified":"2025-06-11T17:25:42","modified_gmt":"2025-06-11T17:25:42","slug":"ensemble-pour-la-roulotte-velos-electriques","status":"publish","type":"product","link":"https:\/\/www.futuragp.com\/fr\/produit\/ensemble-pour-la-roulotte-velos-electriques\/","title":{"rendered":"Ensemble pour la roulotte &#8211; V\u00e9los \u00e9lectriques"},"content":{"rendered":"","protected":false},"excerpt":{"rendered":"<p><strong>100\u00a0% FABRIQU\u00c9 AU CANADA<\/strong><br \/>\n<strong>TRANSF\u00c9RABLE DE VOTRE ROULOTTE \u00c0 VOTRE V\u00c9HICULE<\/strong><br \/>\n<strong>SUPPORT \u00c0 V\u00c9LOS \u00c9LECTRIQUES ADAPT\u00c9 POUR LE MONDE DU VR<\/strong><br \/>\n<strong>CAPACIT\u00c9 TRANSPORT\u00c9E DE 120 LBS (60 LBS PAR V\u00c9LO)<\/strong><br \/>\n<strong>S\u00dbR ET S\u00c9CURIS\u00c9<\/strong><br \/>\n<strong>ADAPTATEUR POUR ATTELAGE DE 2 POUCES\u00a0: CLASSE 3 OU SUP\u00c9RIEURE<\/strong><br \/>\n<strong>GARANTIE PRODUIT DE 1 AN ET GARANTIE DE SATISFACTION DE 60 JOURS<\/strong><\/p>\n<p>Vous avez un v\u00e9lo \u00e9lectrique sans barre transversale (v\u00e9lo type femme)? Nous avons l&rsquo;adaptateur qui fera le r\u00f4le de la barre transversale, <a href=\"https:\/\/www.futuragp.com\/fr\/produit\/barre-transport-velo\/\" target=\"_blank\">cliquez ici<\/a>!<\/p>\n","protected":false},"featured_media":6522,"template":"","meta":{"_acf_changed":false,"content-type":""},"product_brand":[],"product_cat":[209],"product_tag":[],"class_list":{"0":"post-6820","1":"product","2":"type-product","3":"status-publish","4":"has-post-thumbnail","6":"product_cat-ensemble-pour-roulotte","8":"first","9":"instock","10":"taxable","11":"shipping-taxable","12":"purchasable","13":"product-type-simple"},"acf":[],"aioseo_notices":[],"_links":{"self":[{"href":"https:\/\/www.futuragp.com\/fr\/wp-json\/wp\/v2\/product\/6820","targetHints":{"allow":["GET"]}}],"collection":[{"href":"https:\/\/www.futuragp.com\/fr\/wp-json\/wp\/v2\/product"}],"about":[{"href":"https:\/\/www.futuragp.com\/fr\/wp-json\/wp\/v2\/types\/product"}],"wp:featuredmedia":[{"embeddable":true,"href":"https:\/\/www.futuragp.com\/fr\/wp-json\/wp\/v2\/media\/6522"}],"wp:attachment":[{"href":"https:\/\/www.futuragp.com\/fr\/wp-json\/wp\/v2\/media?parent=6820"}],"wp:term":[{"taxonomy":"product_brand","embeddable":true,"href":"https:\/\/www.futuragp.com\/fr\/wp-json\/wp\/v2\/product_brand?post=6820"},{"taxonomy":"product_cat","embeddable":true,"href":"https:\/\/www.futuragp.com\/fr\/wp-json\/wp\/v2\/product_cat?post=6820"},{"taxonomy":"product_tag","embeddable":true,"href":"https:\/\/www.futuragp.com\/fr\/wp-json\/wp\/v2\/product_tag?post=6820"}],"curies":[{"name":"wp","href":"https:\/\/api.w.org\/{rel}","templated":true}]}}