{"id":6854,"date":"2021-11-24T19:52:50","date_gmt":"2021-11-24T19:52:50","guid":{"rendered":"https:\/\/www.futuragp.com\/product\/4-bikes-bike-rack\/"},"modified":"2025-06-11T17:03:21","modified_gmt":"2025-06-11T17:03:21","slug":"support-a-velo-pour-4-velos","status":"publish","type":"product","link":"https:\/\/www.futuragp.com\/fr\/produit\/support-a-velo-pour-4-velos\/","title":{"rendered":"Support \u00e0 v\u00e9lo pour 4 v\u00e9los"},"content":{"rendered":"","protected":false},"excerpt":{"rendered":"<p><strong>100% FABRIQU\u00c9 AU CANADA<\/strong><br \/>\n<strong>APPROUV\u00c9 POUR LE MONDE DU VR<\/strong><\/p>\n<p><span class=\"red1\">Ce mod\u00e8le peut supporter jusqu&rsquo;\u00e0 240lbs<\/span><\/p>\n<p><strong>Inclus<\/strong><\/p>\n<ul>\n<li>Support \u00e0 v\u00e9los (2)<\/li>\n<li>Adaptateur d&rsquo;attelage pour 2 v\u00e9los 2&Prime;<\/li>\n<li>Adaptateur d&rsquo;attelage pour 4 v\u00e9los 2&Prime;<\/li>\n<li>Cl\u00e9 Allen<\/li>\n<li>Vis Allen 3\/8&Prime; (d\u00e9j\u00e0 plac\u00e9e dans les trous)<\/li>\n<li>Cadenas<\/li>\n<\/ul>\n<p><strong>Non inclus<\/strong><\/p>\n<ul>\n<li>Goupille d&rsquo;attelage qui barre<\/li>\n<li>C\u00e2ble de s\u00e9curit\u00e9<\/li>\n<\/ul>\n<p>Vous avez un v\u00e9lo \u00e9lectrique sans barre transversale (v\u00e9lo type femme)? Nous avons l&rsquo;adaptateur qui fera le r\u00f4le de la barre transversale, <a href=\"https:\/\/www.futuragp.com\/fr\/produit\/barre-transport-velo\/\" target=\"_blank\">cliquez ici<\/a>!<\/p>\n","protected":false},"featured_media":6739,"template":"","meta":{"_acf_changed":false,"content-type":""},"product_brand":[],"product_cat":[210],"product_tag":[],"class_list":{"0":"post-6854","1":"product","2":"type-product","3":"status-publish","4":"has-post-thumbnail","6":"product_cat-support-a-velo-pour-attelage","8":"first","9":"instock","10":"taxable","11":"shipping-taxable","12":"purchasable","13":"product-type-simple"},"acf":[],"aioseo_notices":[],"_links":{"self":[{"href":"https:\/\/www.futuragp.com\/fr\/wp-json\/wp\/v2\/product\/6854","targetHints":{"allow":["GET"]}}],"collection":[{"href":"https:\/\/www.futuragp.com\/fr\/wp-json\/wp\/v2\/product"}],"about":[{"href":"https:\/\/www.futuragp.com\/fr\/wp-json\/wp\/v2\/types\/product"}],"wp:featuredmedia":[{"embeddable":true,"href":"https:\/\/www.futuragp.com\/fr\/wp-json\/wp\/v2\/media\/6739"}],"wp:attachment":[{"href":"https:\/\/www.futuragp.com\/fr\/wp-json\/wp\/v2\/media?parent=6854"}],"wp:term":[{"taxonomy":"product_brand","embeddable":true,"href":"https:\/\/www.futuragp.com\/fr\/wp-json\/wp\/v2\/product_brand?post=6854"},{"taxonomy":"product_cat","embeddable":true,"href":"https:\/\/www.futuragp.com\/fr\/wp-json\/wp\/v2\/product_cat?post=6854"},{"taxonomy":"product_tag","embeddable":true,"href":"https:\/\/www.futuragp.com\/fr\/wp-json\/wp\/v2\/product_tag?post=6854"}],"curies":[{"name":"wp","href":"https:\/\/api.w.org\/{rel}","templated":true}]}}