{"id":89637,"date":"2022-04-04T22:45:09","date_gmt":"2022-04-04T22:45:09","guid":{"rendered":"https:\/\/www.futuragp.com\/?post_type=product&#038;p=89637"},"modified":"2025-06-11T17:02:16","modified_gmt":"2025-06-11T17:02:16","slug":"ensemble-pour-roulotte-en-z-helio-velos-electrique-fatbike","status":"publish","type":"product","link":"https:\/\/www.futuragp.com\/fr\/produit\/ensemble-pour-roulotte-en-z-helio-velos-electrique-fatbike\/","title":{"rendered":"Ensemble pour roulotte en Z (H\u00e9lio) &#8211; V\u00e9los \u00e9lectriques et fatbikes"},"content":{"rendered":"","protected":false},"excerpt":{"rendered":"<p><strong>100% FABRIQU\u00c9 AU CANADA<\/strong><br \/>\n<strong>APPROUV\u00c9 POUR LE MONDE DU VR<\/strong><\/p>\n<p><span class=\"red1\">Ce mod\u00e8le peut supporter jusqu&rsquo;\u00e0 120\u00a0lbs<\/span><\/p>\n<p><strong>Inclus<\/strong><\/p>\n<ul>\n<li>Support \u00e0 v\u00e9los pour fat bikes (4 supports de roues r\u00e9guliers + 4 supports de roues de fat bikes)<\/li>\n<li>Adaptateur d&rsquo;attelage 2&Prime;<\/li>\n<li>Barre central<\/li>\n<li>Pattes en Z (2)<\/li>\n<li>Pied d&rsquo;ancrage (2)<\/li>\n<li>Boulons dor\u00e9s 3\/8 (4)<\/li>\n<li>\u00c9crous 3\/8 (4)<\/li>\n<li>Barres de renfort + boulons et \u00e9crous (2)<\/li>\n<li>Pieds de soutien pour \u00e9viter de per\u00e7er le ch\u00e2ssis + boulons et \u00e9crous (2)<\/li>\n<li>Cl\u00e9 Allen<\/li>\n<li>Vis Allen 3\/8&Prime; (d\u00e9j\u00e0 plac\u00e9s dans les trous)<\/li>\n<li>Cadenas<\/li>\n<\/ul>\n<p><strong>Non inclus<\/strong><\/p>\n<ul>\n<li>Goupille d&rsquo;attelage qui barre<\/li>\n<li>C\u00e2ble de s\u00e9curit\u00e9<\/li>\n<\/ul>\n<p>Vous avez un v\u00e9lo \u00e9lectrique sans barre transversale (v\u00e9lo type femme)? Nous avons l&rsquo;adaptateur qui fera le r\u00f4le de la barre transversale, <a href=\"https:\/\/www.futuragp.com\/fr\/produit\/barre-transport-velo\/\" target=\"_blank\">cliquez ici<\/a>!<\/p>\n<p><span class=\"red1\"><strong>ATTENTION :<\/strong> Voyager avec une housse de protection va cr\u00e9er un appel d\u2019air, et par cons\u00e9quent, cr\u00e9er une r\u00e9sistance sur le produit, ce qui risque de l\u2019endommager. Par soucis de s\u00e9curit\u00e9, nous n&rsquo;en recommandons pas l&rsquo;installation. De plus, pour tout bris de produit reli\u00e9 avec un housse de protection, la garantie du produit s&rsquo;en verra annul\u00e9e<\/span><\/p>\n","protected":false},"featured_media":92614,"template":"","meta":{"_acf_changed":false,"content-type":""},"product_brand":[],"product_cat":[209],"product_tag":[],"class_list":{"0":"post-89637","1":"product","2":"type-product","3":"status-publish","4":"has-post-thumbnail","6":"product_cat-ensemble-pour-roulotte","8":"first","9":"instock","10":"taxable","11":"shipping-taxable","12":"purchasable","13":"product-type-simple"},"acf":[],"aioseo_notices":[],"_links":{"self":[{"href":"https:\/\/www.futuragp.com\/fr\/wp-json\/wp\/v2\/product\/89637","targetHints":{"allow":["GET"]}}],"collection":[{"href":"https:\/\/www.futuragp.com\/fr\/wp-json\/wp\/v2\/product"}],"about":[{"href":"https:\/\/www.futuragp.com\/fr\/wp-json\/wp\/v2\/types\/product"}],"wp:featuredmedia":[{"embeddable":true,"href":"https:\/\/www.futuragp.com\/fr\/wp-json\/wp\/v2\/media\/92614"}],"wp:attachment":[{"href":"https:\/\/www.futuragp.com\/fr\/wp-json\/wp\/v2\/media?parent=89637"}],"wp:term":[{"taxonomy":"product_brand","embeddable":true,"href":"https:\/\/www.futuragp.com\/fr\/wp-json\/wp\/v2\/product_brand?post=89637"},{"taxonomy":"product_cat","embeddable":true,"href":"https:\/\/www.futuragp.com\/fr\/wp-json\/wp\/v2\/product_cat?post=89637"},{"taxonomy":"product_tag","embeddable":true,"href":"https:\/\/www.futuragp.com\/fr\/wp-json\/wp\/v2\/product_tag?post=89637"}],"curies":[{"name":"wp","href":"https:\/\/api.w.org\/{rel}","templated":true}]}}