{"id":89732,"date":"2022-04-19T14:54:04","date_gmt":"2022-04-19T14:54:05","guid":{"rendered":"https:\/\/www.futuragp.com\/?post_type=product&#038;p=89732"},"modified":"2024-01-10T21:50:56","modified_gmt":"2024-01-10T21:50:56","slug":"bras-aluminium-de-support-a-velos","status":"publish","type":"product","link":"https:\/\/www.futuragp.com\/fr\/produit\/bras-aluminium-de-support-a-velos\/","title":{"rendered":"2 Bras d&rsquo;aluminium de support \u00e0 v\u00e9los 36&Prime;"},"content":{"rendered":"","protected":false},"excerpt":{"rendered":"<p>Bras d&rsquo;aluminium de support \u00e0 v\u00e9los de remplacement \u00e0 36&Prime; de longueur utile pour les v\u00e9los \u00e0 empattement long.<\/p>\n","protected":false},"featured_media":0,"template":"","meta":{"_acf_changed":false,"content-type":""},"product_brand":[],"product_cat":[208],"product_tag":[],"class_list":{"0":"post-89732","1":"product","2":"type-product","3":"status-publish","5":"product_cat-pieces","7":"first","8":"instock","9":"taxable","10":"shipping-taxable","11":"purchasable","12":"product-type-simple"},"acf":[],"aioseo_notices":[],"_links":{"self":[{"href":"https:\/\/www.futuragp.com\/fr\/wp-json\/wp\/v2\/product\/89732","targetHints":{"allow":["GET"]}}],"collection":[{"href":"https:\/\/www.futuragp.com\/fr\/wp-json\/wp\/v2\/product"}],"about":[{"href":"https:\/\/www.futuragp.com\/fr\/wp-json\/wp\/v2\/types\/product"}],"wp:attachment":[{"href":"https:\/\/www.futuragp.com\/fr\/wp-json\/wp\/v2\/media?parent=89732"}],"wp:term":[{"taxonomy":"product_brand","embeddable":true,"href":"https:\/\/www.futuragp.com\/fr\/wp-json\/wp\/v2\/product_brand?post=89732"},{"taxonomy":"product_cat","embeddable":true,"href":"https:\/\/www.futuragp.com\/fr\/wp-json\/wp\/v2\/product_cat?post=89732"},{"taxonomy":"product_tag","embeddable":true,"href":"https:\/\/www.futuragp.com\/fr\/wp-json\/wp\/v2\/product_tag?post=89732"}],"curies":[{"name":"wp","href":"https:\/\/api.w.org\/{rel}","templated":true}]}}